{"id":3992,"date":"2025-08-15T08:57:44","date_gmt":"2025-08-15T08:57:44","guid":{"rendered":"https:\/\/swissperia.com\/?page_id=3992"},"modified":"2025-08-15T11:58:43","modified_gmt":"2025-08-15T11:58:43","slug":"sodaq","status":"publish","type":"page","link":"https:\/\/swissperia.com\/fr\/our-work\/sodaq\/","title":{"rendered":"SODAQ"},"content":{"rendered":"<div data-elementor-type=\"wp-page\" data-elementor-id=\"3992\" class=\"elementor elementor-3992\">\n\t\t\t\t<div data-animation-type=\"block\" class=\"elementor-element elementor-element-9aa781a e-con-full e-flex sc_layouts_column_icons_position_left animation_type_block elementor-invisible e-con e-parent\" data-id=\"9aa781a\" data-element_type=\"container\" data-e-type=\"container\" data-settings=\"{&quot;background_background&quot;:&quot;classic&quot;,&quot;animation&quot;:&quot;ta_fadein&quot;}\">\n\t\t<div class=\"elementor-element elementor-element-53c33c9 e-con-full e-flex sc_layouts_column_icons_position_left e-con e-child\" data-id=\"53c33c9\" data-element_type=\"container\" data-e-type=\"container\">\n\t\t<div class=\"elementor-element elementor-element-781c456 e-con-full e-flex sc_layouts_column_icons_position_left e-con e-child\" data-id=\"781c456\" data-element_type=\"container\" data-e-type=\"container\">\n\t\t\t\t<div data-animation-type=\"sequental\" data-animation-stagger=\"\" class=\"elementor-element elementor-element-cec04dc trx-addons-icon-list-inline animation_type_sequental elementor-list-item-link-inline trx-addons-icon-left sc_fly_static elementor-invisible elementor-widget elementor-widget-trx_elm_icon_list\" data-id=\"cec04dc\" data-element_type=\"widget\" data-e-type=\"widget\" data-settings=\"{&quot;_animation&quot;:&quot;ta_fadeinup&quot;,&quot;_animation_delay&quot;:70}\" data-widget_type=\"trx_elm_icon_list.default\">\n\t\t\t\t<div class=\"elementor-widget-container\">\n\t\t\t\t\t\t\t<div class=\"trx-addons-list-container\">\n\t\t\t<ul class=\"trx-addons-list-items trx-addons-inline-items\">\n\t\t\t\t\t\t\t\t\t\t\t\t\t\t\t\t\t\t\t\t\t<li class=\"trx-addons-icon-list-item trx-addons-icon-list-item-without-link elementor-repeater-item-78fb0f3\">\n\t\t\t\t\t\t\t\t\t\t<span class=\"trx-addons-icon-wrapper\">\n\t\t\t\t\t\t\t\t\t\t<span class=\"trx-addons-icon-list-icon trx-addons-icon\">\n\t\t\t\t\t\t<svg xmlns=\"http:\/\/www.w3.org\/2000\/svg\" viewbox=\"0 0 24 24\"><path d=\"M2.48754 6.91222C3.33087 5.9096 4.79378 5.39844 6.99921 5.39844H16.9992C19.2046 5.39844 20.6675 5.9096 21.5109 6.91222C22.3474 7.90673 22.4355 9.2239 22.2961 10.4894L21.5458 18.4924C21.4367 19.5108 21.1837 20.591 20.3076 21.3914C19.437 22.1868 18.0707 22.5984 15.9992 22.5984H7.99921C5.92773 22.5984 4.56143 22.1868 3.69077 21.3914C2.81467 20.591 2.56174 19.5108 2.45262 18.4924L2.45178 18.4844L1.70229 10.4894C1.56288 9.22389 1.65104 7.90673 2.48754 6.91222ZM3.40588 7.68465C2.8935 8.29382 2.76577 9.18947 2.89557 10.3624L2.89667 10.3724L3.64621 18.3684C3.74726 19.308 3.95949 20.0115 4.50015 20.5055C5.04699 21.005 6.05069 21.3984 7.99921 21.3984H15.9992C17.9477 21.3984 18.9514 21.005 19.4983 20.5055C20.0389 20.0115 20.2512 19.3079 20.3522 18.3683L21.1028 10.3624C21.2326 9.18946 21.1049 8.29382 20.5925 7.68465C20.0859 7.08228 19.0638 6.59844 16.9992 6.59844H6.99921C4.93464 6.59844 3.91255 7.08228 3.40588 7.68465Z\"><\/path><path d=\"M8.64339 4.02939C8.5994 4.3663 8.59844 4.74637 8.59844 5.19844V5.99844C8.59844 6.32981 8.32981 6.59844 7.99844 6.59844C7.66707 6.59844 7.39844 6.32981 7.39844 5.99844L7.39844 5.17681C7.39842 4.75013 7.39841 4.29594 7.45349 3.87404C7.51021 3.43961 7.63032 2.99077 7.90485 2.59355C8.47824 1.76393 9.54205 1.39844 11.1984 1.39844H12.7984C14.4548 1.39844 15.5186 1.76393 16.092 2.59355C16.3666 2.99077 16.4867 3.43961 16.5434 3.87404C16.5985 4.29594 16.5985 4.75014 16.5984 5.17682V5.99844C16.5984 6.32981 16.3298 6.59844 15.9984 6.59844C15.6671 6.59844 15.3984 6.32981 15.3984 5.99844V5.19844C15.3984 4.74637 15.3975 4.3663 15.3535 4.02939C15.3102 3.69789 15.2303 3.45736 15.1049 3.27583C14.8782 2.94794 14.342 2.59844 12.7984 2.59844H11.1984C9.65483 2.59844 9.11864 2.94794 8.89202 3.27583C8.76656 3.45736 8.68667 3.69789 8.64339 4.02939Z\"><\/path><path d=\"M10.6025 12.6025C10.5988 12.6956 10.5984 12.8206 10.5984 12.9984V14.0284C10.5984 14.3082 10.6007 14.5257 10.6268 14.7134C10.6521 14.8957 10.6949 15.0039 10.7455 15.0752C10.8242 15.1863 11.0649 15.3984 11.9984 15.3984C12.9363 15.3984 13.1753 15.1842 13.2532 15.073C13.3038 15.0008 13.3463 14.8913 13.3712 14.7072C13.3968 14.5177 13.3984 14.2993 13.3984 14.0184V12.9984C13.3984 12.8206 13.398 12.6956 13.3944 12.6025C13.3013 12.5988 13.1763 12.5984 12.9984 12.5984H10.9984C10.8206 12.5984 10.6956 12.5988 10.6025 12.6025ZM10.9698 11.3984C10.9794 11.3984 10.9889 11.3984 10.9984 11.3984H12.9984C13.008 11.3984 13.0175 11.3984 13.0271 11.3984C13.2522 11.3984 13.4685 11.3984 13.6428 11.4177C13.8201 11.4374 14.0865 11.488 14.2977 11.6992C14.5089 11.9104 14.5595 12.1768 14.5791 12.3541C14.5985 12.5283 14.5985 12.7447 14.5984 12.9698C14.5984 12.9793 14.5984 12.9889 14.5984 12.9984V14.0254C14.5984 14.2879 14.5985 14.5867 14.5604 14.8681C14.5212 15.1575 14.4368 15.4749 14.2362 15.7614C13.8115 16.3677 13.0506 16.5984 11.9984 16.5984C10.952 16.5984 10.1927 16.3706 9.76643 15.7691C9.5645 15.4842 9.47849 15.1681 9.43823 14.8788C9.39873 14.5949 9.39844 14.2937 9.39844 14.0284V12.9984C9.39844 12.9889 9.39844 12.9794 9.39844 12.9698C9.39841 12.7447 9.39837 12.5283 9.41774 12.3541C9.43743 12.1768 9.48798 11.9104 9.69918 11.6992C9.91038 11.488 10.1768 11.4374 10.3541 11.4177C10.5283 11.3984 10.7447 11.3984 10.9698 11.3984Z\"><\/path><path d=\"M22.1337 10.6456C22.3286 10.9136 22.2694 11.2888 22.0014 11.4837C19.6065 13.2255 16.8701 14.2616 14.0735 14.6138C13.7447 14.6552 13.4446 14.4222 13.4032 14.0934C13.3618 13.7647 13.5948 13.4646 13.9235 13.4232C16.5269 13.0954 19.0705 12.1315 21.2956 10.5132C21.5636 10.3183 21.9388 10.3776 22.1337 10.6456Z\"><\/path><path d=\"M2.12055 10.9291C2.30772 10.6557 2.68112 10.5857 2.95457 10.7729C5.12369 12.2575 7.57028 13.1527 10.0624 13.4318C10.3918 13.4686 10.6288 13.7655 10.592 14.0948C10.5551 14.4241 10.2582 14.6612 9.92892 14.6243C7.24109 14.3233 4.60768 13.3585 2.27679 11.7632C2.00334 11.576 1.93339 11.2026 2.12055 10.9291Z\"><\/path><\/svg><\/span>\t\t\t<\/span>\n\t\t\t\t\t\t\t\t\t\t<p class=\"trx-addons-icon-list-text\">\n\t\t\t\t\t\t\t\tDashboards \t\t\t\t\t\t\t<\/p>\n\t\t\t\t\t\t\t\t\t\t\t\t\t<\/li>\n\t\t\t\t\t\t\t\t\t\t\t\t\t<\/ul>\n\t\t<\/div>\n\t\t\t\t\t\t<\/div>\n\t\t\t\t<\/div>\n\t\t\t\t<div data-animation-type=\"char\" data-animation-stagger=\"15\" class=\"elementor-element elementor-element-a1445a2 elementor-widget__width-initial animation_type_char sc_fly_static elementor-invisible elementor-widget elementor-widget-heading\" data-id=\"a1445a2\" data-element_type=\"widget\" data-e-type=\"widget\" data-settings=\"{&quot;_animation&quot;:&quot;ta_fadeinup&quot;,&quot;_animation_delay&quot;:200}\" data-widget_type=\"heading.default\">\n\t\t\t\t<div class=\"elementor-widget-container\">\n\t\t\t\t\t<h1 class=\"elementor-heading-title elementor-size-default\"><a href=\"https:\/\/sodaq.com\/\" target=\"_blank\" rel=\"noopener\">SODAQ\n<\/a><\/h1>\t\t\t\t<\/div>\n\t\t\t\t<\/div>\n\t\t\t\t<\/div>\n\t\t<div data-animation-type=\"block\" class=\"elementor-element elementor-element-2c4d008 e-con-full e-flex sc_layouts_column_icons_position_left animation_type_block elementor-invisible e-con e-child\" data-id=\"2c4d008\" data-element_type=\"container\" data-e-type=\"container\" data-settings=\"{&quot;animation&quot;:&quot;ta_popup&quot;,&quot;animation_delay&quot;:200}\">\n\t\t\t\t<div data-animation-type=\"block\" class=\"elementor-element elementor-element-d8525ca elementor-absolute animation_type_block sc_fly_static elementor-invisible elementor-widget elementor-widget-text-path\" data-id=\"d8525ca\" data-element_type=\"widget\" data-e-type=\"widget\" data-settings=\"{&quot;text&quot;:&quot;View Project \\u2014 View Project  \\u2014  View Project  \\u2014  View Project&quot;,&quot;_animation&quot;:&quot;ta_infiniterotate&quot;,&quot;_animation_delay&quot;:200,&quot;_position&quot;:&quot;absolute&quot;,&quot;link&quot;:{&quot;url&quot;:&quot;&quot;,&quot;is_external&quot;:&quot;&quot;,&quot;nofollow&quot;:&quot;&quot;,&quot;custom_attributes&quot;:&quot;&quot;},&quot;start_point&quot;:{&quot;unit&quot;:&quot;%&quot;,&quot;size&quot;:0,&quot;sizes&quot;:[]}}\" data-widget_type=\"text-path.default\">\n\t\t\t\t<div class=\"elementor-widget-container\">\n\t\t\t\t\t\t\t<div class=\"e-text-path\" data-text=\"View Project &mdash; View Project  &mdash;  View Project  &mdash;  View Project\" data-url=\"\/\/swissperia.com\/wp-content\/plugins\/elementor\/assets\/svg-paths\/circle.svg\" data-link-url=\"\"><\/div>\n\t\t\t\t\t\t<\/div>\n\t\t\t\t<\/div>\n\t\t\t\t<div data-animation-type=\"block\" class=\"elementor-element elementor-element-a22408a elementor-view-default animation_type_block sc_fly_static elementor-invisible elementor-widget elementor-widget-icon\" data-id=\"a22408a\" data-element_type=\"widget\" data-e-type=\"widget\" data-settings=\"{&quot;_animation&quot;:&quot;ta_fadein&quot;,&quot;_animation_delay&quot;:100}\" data-widget_type=\"icon.default\">\n\t\t\t\t<div class=\"elementor-widget-container\">\n\t\t\t\t\t\t\t<div class=\"elementor-icon-wrapper\">\n\t\t\t<a class=\"elementor-icon\" href=\"#\">\n\t\t\t<svg aria-hidden=\"true\" class=\"e-font-icon-svg e-fas-play\" viewbox=\"0 0 448 512\" xmlns=\"http:\/\/www.w3.org\/2000\/svg\"><path d=\"M424.4 214.7L72.4 6.6C43.8-10.3 0 6.1 0 47.9V464c0 37.5 40.7 60.1 72.4 41.3l352-208c31.4-18.5 31.5-64.1 0-82.6z\"><\/path><\/svg>\t\t\t<\/a>\n\t\t<\/div>\n\t\t\t\t\t\t<\/div>\n\t\t\t\t<\/div>\n\t\t\t\t<\/div>\n\t\t\t\t<\/div>\n\t\t\t\t<\/div>\n\t\t<div class=\"elementor-element elementor-element-243cbf1 e-flex e-con-boxed sc_layouts_column_icons_position_left e-con e-parent\" data-id=\"243cbf1\" data-element_type=\"container\" data-e-type=\"container\">\n\t\t\t\t\t<div class=\"e-con-inner\">\n\t\t\t\t<div data-animation-type=\"block\" class=\"elementor-element elementor-element-f6cd195 animation_type_block sc_fly_static elementor-invisible elementor-widget elementor-widget-heading\" data-id=\"f6cd195\" data-element_type=\"widget\" data-e-type=\"widget\" data-settings=\"{&quot;_animation&quot;:&quot;ta_fadeinup&quot;}\" data-widget_type=\"heading.default\">\n\t\t\t\t<div class=\"elementor-widget-container\">\n\t\t\t\t\t<h6 class=\"elementor-heading-title elementor-size-default\">Tableaux de bord IoT et expansion internationale<\/h6>\t\t\t\t<\/div>\n\t\t\t\t<\/div>\n\t\t\t\t<div data-animation-type=\"block\" class=\"elementor-element elementor-element-3dd431d elementor-widget__width-initial animation_type_block sc_fly_static elementor-invisible elementor-widget elementor-widget-heading\" data-id=\"3dd431d\" data-element_type=\"widget\" data-e-type=\"widget\" data-settings=\"{&quot;_animation&quot;:&quot;ta_fadeinup&quot;,&quot;_animation_delay&quot;:100}\" data-widget_type=\"heading.default\">\n\t\t\t\t<div class=\"elementor-widget-container\">\n\t\t\t\t\t<h1 class=\"elementor-heading-title elementor-size-default\">Contexte &amp; historique\n\n<\/h1>\t\t\t\t<\/div>\n\t\t\t\t<\/div>\n\t\t\t\t<div data-animation-type=\"block\" class=\"elementor-element elementor-element-e9747e4 elementor-widget__width-initial animation_type_block sc_fly_static elementor-invisible elementor-widget elementor-widget-text-editor\" data-id=\"e9747e4\" data-element_type=\"widget\" data-e-type=\"widget\" data-settings=\"{&quot;_animation&quot;:&quot;ta_fadeinup&quot;,&quot;_animation_delay&quot;:100}\" data-widget_type=\"text-editor.default\">\n\t\t\t\t<div class=\"elementor-widget-container\">\n\t\t\t\t\t\t\t\t\t<p>Alors que l\u2019entreprise se pr\u00e9parait \u00e0 s\u2019\u00e9tendre sur les march\u00e9s internationaux, elle faisait face au double d\u00e9fi de faire \u00e9voluer son offre IoT et de r\u00e9pondre aux attentes vari\u00e9es des clients selon les r\u00e9gions. Les tableaux de bord existants manquaient de flexibilit\u00e9, d\u2019analyses en temps r\u00e9el et de fonctions de localisation n\u00e9cessaires pour soutenir les ventes mondiales, tandis que les ressources de d\u00e9veloppement \u00e9taient limit\u00e9es.<\/p>\t\t\t\t\t\t\t\t<\/div>\n\t\t\t\t<\/div>\n\t\t<div class=\"elementor-element elementor-element-87d5c2f e-grid e-con-full sc_layouts_column_icons_position_left e-con e-child\" data-id=\"87d5c2f\" data-element_type=\"container\" data-e-type=\"container\">\n\t\t<div class=\"elementor-element elementor-element-957836a e-con-full e-flex sc_layouts_column_icons_position_left e-con e-child\" data-id=\"957836a\" data-element_type=\"container\" data-e-type=\"container\">\n\t\t\t\t<div class=\"elementor-element elementor-element-49ca325 sc_fly_static elementor-widget elementor-widget-heading\" data-id=\"49ca325\" data-element_type=\"widget\" data-e-type=\"widget\" data-widget_type=\"heading.default\">\n\t\t\t\t<div class=\"elementor-widget-container\">\n\t\t\t\t\t<h3 class=\"elementor-heading-title elementor-size-default\"><b>D\u00e9fi<\/b><\/h3>\t\t\t\t<\/div>\n\t\t\t\t<\/div>\n\t\t\t\t<div class=\"elementor-element elementor-element-938a6df sc_fly_static elementor-widget elementor-widget-text-editor\" data-id=\"938a6df\" data-element_type=\"widget\" data-e-type=\"widget\" data-widget_type=\"text-editor.default\">\n\t\t\t\t<div class=\"elementor-widget-container\">\n\t\t\t\t\t\t\t\t\t<p><span style=\"font-weight: 600;\">Tableaux de bord IoT et expansion internationale<\/span><\/p>\t\t\t\t\t\t\t\t<\/div>\n\t\t\t\t<\/div>\n\t\t\t\t<\/div>\n\t\t<div class=\"elementor-element elementor-element-f9bedd5 e-con-full e-flex sc_layouts_column_icons_position_left e-con e-child\" data-id=\"f9bedd5\" data-element_type=\"container\" data-e-type=\"container\">\n\t\t\t\t<div class=\"elementor-element elementor-element-7e2ece7 sc_fly_static elementor-widget elementor-widget-heading\" data-id=\"7e2ece7\" data-element_type=\"widget\" data-e-type=\"widget\" data-widget_type=\"heading.default\">\n\t\t\t\t<div class=\"elementor-widget-container\">\n\t\t\t\t\t<h3 class=\"elementor-heading-title elementor-size-default\"><b>Solution<\/b><\/h3>\t\t\t\t<\/div>\n\t\t\t\t<\/div>\n\t\t\t\t<div class=\"elementor-element elementor-element-1f7a8b3 sc_fly_static elementor-widget elementor-widget-text-editor\" data-id=\"1f7a8b3\" data-element_type=\"widget\" data-e-type=\"widget\" data-widget_type=\"text-editor.default\">\n\t\t\t\t<div class=\"elementor-widget-container\">\n\t\t\t\t\t\t\t\t\t<p><span style=\"font-weight: 600;\">D\u00e9veloppement de tableaux de bord personnalis\u00e9s, mise \u00e0 disposition d\u2019un d\u00e9veloppeur d\u00e9di\u00e9 \u00e0 distance, soutien aux ventes mondiales<\/span><\/p>\t\t\t\t\t\t\t\t<\/div>\n\t\t\t\t<\/div>\n\t\t\t\t<\/div>\n\t\t<div class=\"elementor-element elementor-element-f8edcef e-con-full e-flex sc_layouts_column_icons_position_left e-con e-child\" data-id=\"f8edcef\" data-element_type=\"container\" data-e-type=\"container\">\n\t\t<div class=\"elementor-element elementor-element-e941c02 e-con-full e-flex sc_layouts_column_icons_position_left e-con e-child\" data-id=\"e941c02\" data-element_type=\"container\" data-e-type=\"container\">\n\t\t\t\t<div class=\"elementor-element elementor-element-ce1ef6a sc_fly_static elementor-widget elementor-widget-heading\" data-id=\"ce1ef6a\" data-element_type=\"widget\" data-e-type=\"widget\" data-widget_type=\"heading.default\">\n\t\t\t\t<div class=\"elementor-widget-container\">\n\t\t\t\t\t<h3 class=\"elementor-heading-title elementor-size-default\">Impact<\/h3>\t\t\t\t<\/div>\n\t\t\t\t<\/div>\n\t\t\t\t<div class=\"elementor-element elementor-element-afd5691 sc_fly_static elementor-widget elementor-widget-text-editor\" data-id=\"afd5691\" data-element_type=\"widget\" data-e-type=\"widget\" data-widget_type=\"text-editor.default\">\n\t\t\t\t<div class=\"elementor-widget-container\">\n\t\t\t\t\t\t\t\t\t<p><span style=\"font-weight: 600;\">Acc\u00e9l\u00e9ration de la feuille de route produit et facilitation de la croissance internationale<\/span><\/p>\t\t\t\t\t\t\t\t<\/div>\n\t\t\t\t<\/div>\n\t\t\t\t<\/div>\n\t\t\t\t<\/div>\n\t\t<div class=\"elementor-element elementor-element-7c6f2ef e-con-full e-flex sc_layouts_column_icons_position_left e-con e-child\" data-id=\"7c6f2ef\" data-element_type=\"container\" data-e-type=\"container\">\n\t\t\t\t<div class=\"elementor-element elementor-element-da5c467 sc_fly_static elementor-widget elementor-widget-heading\" data-id=\"da5c467\" data-element_type=\"widget\" data-e-type=\"widget\" data-widget_type=\"heading.default\">\n\t\t\t\t<div class=\"elementor-widget-container\">\n\t\t\t\t\t<h3 class=\"elementor-heading-title elementor-size-default\">Technologies <\/h3>\t\t\t\t<\/div>\n\t\t\t\t<\/div>\n\t\t\t\t<div class=\"elementor-element elementor-element-0c56ad5 sc_fly_static elementor-widget elementor-widget-text-editor\" data-id=\"0c56ad5\" data-element_type=\"widget\" data-e-type=\"widget\" data-widget_type=\"text-editor.default\">\n\t\t\t\t<div class=\"elementor-widget-container\">\n\t\t\t\t\t\t\t\t\t<p><span style=\"font-weight: 600;\">JAVA, Angular JS<\/span><\/p>\t\t\t\t\t\t\t\t<\/div>\n\t\t\t\t<\/div>\n\t\t\t\t<\/div>\n\t\t\t\t<\/div>\n\t\t\t\t\t<\/div>\n\t\t\t\t<\/div>\n\t\t\t\t<\/div>","protected":false},"excerpt":{"rendered":"<p>Dashboards SODAQ IoT dashboards and international market expansion Background &amp; Context As the&hellip;<\/p>","protected":false},"author":1,"featured_media":0,"parent":3979,"menu_order":0,"comment_status":"closed","ping_status":"closed","template":"","meta":{"footnotes":""},"class_list":["post-3992","page","type-page","status-publish","hentry"],"_links":{"self":[{"href":"https:\/\/swissperia.com\/fr\/wp-json\/wp\/v2\/pages\/3992","targetHints":{"allow":["GET"]}}],"collection":[{"href":"https:\/\/swissperia.com\/fr\/wp-json\/wp\/v2\/pages"}],"about":[{"href":"https:\/\/swissperia.com\/fr\/wp-json\/wp\/v2\/types\/page"}],"author":[{"embeddable":true,"href":"https:\/\/swissperia.com\/fr\/wp-json\/wp\/v2\/users\/1"}],"replies":[{"embeddable":true,"href":"https:\/\/swissperia.com\/fr\/wp-json\/wp\/v2\/comments?post=3992"}],"version-history":[{"count":35,"href":"https:\/\/swissperia.com\/fr\/wp-json\/wp\/v2\/pages\/3992\/revisions"}],"predecessor-version":[{"id":4200,"href":"https:\/\/swissperia.com\/fr\/wp-json\/wp\/v2\/pages\/3992\/revisions\/4200"}],"up":[{"embeddable":true,"href":"https:\/\/swissperia.com\/fr\/wp-json\/wp\/v2\/pages\/3979"}],"wp:attachment":[{"href":"https:\/\/swissperia.com\/fr\/wp-json\/wp\/v2\/media?parent=3992"}],"curies":[{"name":"wp","href":"https:\/\/api.w.org\/{rel}","templated":true}]}}