{"id":4051,"date":"2025-08-15T10:15:45","date_gmt":"2025-08-15T10:15:45","guid":{"rendered":"https:\/\/swissperia.com\/?page_id=4051"},"modified":"2025-08-15T11:58:01","modified_gmt":"2025-08-15T11:58:01","slug":"pictor","status":"publish","type":"page","link":"https:\/\/swissperia.com\/ch\/our-work\/pictor\/","title":{"rendered":"Pictor"},"content":{"rendered":"<div data-elementor-type=\"wp-page\" data-elementor-id=\"4051\" class=\"elementor elementor-4051\">\n\t\t\t\t<div data-animation-type=\"block\" class=\"elementor-element elementor-element-9aa781a e-con-full e-flex sc_layouts_column_icons_position_left animation_type_block elementor-invisible e-con e-parent\" data-id=\"9aa781a\" data-element_type=\"container\" data-e-type=\"container\" data-settings=\"{&quot;background_background&quot;:&quot;classic&quot;,&quot;animation&quot;:&quot;ta_fadein&quot;}\">\n\t\t<div class=\"elementor-element elementor-element-53c33c9 e-con-full e-flex sc_layouts_column_icons_position_left e-con e-child\" data-id=\"53c33c9\" data-element_type=\"container\" data-e-type=\"container\">\n\t\t<div class=\"elementor-element elementor-element-781c456 e-con-full e-flex sc_layouts_column_icons_position_left e-con e-child\" data-id=\"781c456\" data-element_type=\"container\" data-e-type=\"container\">\n\t\t\t\t<div data-animation-type=\"sequental\" data-animation-stagger=\"\" class=\"elementor-element elementor-element-cec04dc trx-addons-icon-list-inline animation_type_sequental elementor-list-item-link-inline trx-addons-icon-left sc_fly_static elementor-invisible elementor-widget elementor-widget-trx_elm_icon_list\" data-id=\"cec04dc\" data-element_type=\"widget\" data-e-type=\"widget\" data-settings=\"{&quot;_animation&quot;:&quot;ta_fadeinup&quot;,&quot;_animation_delay&quot;:70}\" data-widget_type=\"trx_elm_icon_list.default\">\n\t\t\t\t<div class=\"elementor-widget-container\">\n\t\t\t\t\t\t\t<div class=\"trx-addons-list-container\">\n\t\t\t<ul class=\"trx-addons-list-items trx-addons-inline-items\">\n\t\t\t\t\t\t\t\t\t\t\t\t\t\t\t\t\t\t\t\t\t<li class=\"trx-addons-icon-list-item trx-addons-icon-list-item-without-link elementor-repeater-item-663e0d5\">\n\t\t\t\t\t\t\t\t\t\t<span class=\"trx-addons-icon-wrapper\">\n\t\t\t\t\t\t\t\t\t\t<span class=\"trx-addons-icon-list-icon trx-addons-icon\">\n\t\t\t\t\t\t<svg xmlns=\"http:\/\/www.w3.org\/2000\/svg\" viewbox=\"0 0 24 24\"><path d=\"M3.96118 3.96118C3.12607 4.79629 2.65156 6.10176 2.65156 8.00156V13.0016C2.65156 15.4455 3.14607 16.7018 3.92959 17.3874C4.73458 18.0918 6.01306 18.3516 8.00156 18.3516H8.50156C8.76467 18.3516 9.02447 18.4341 9.23151 18.5367C9.43616 18.6381 9.66331 18.796 9.8239 19.0147L11.3216 21.0116C11.5468 21.3119 11.7994 21.4116 12.0016 21.4116C12.2037 21.4116 12.4563 21.3119 12.6816 21.0116L14.1816 19.0116L14.1841 19.0083C14.4951 18.599 14.9854 18.3516 15.5016 18.3516H16.0016C17.9014 18.3516 19.2068 17.8771 20.0419 17.0419C20.8771 16.2068 21.3516 14.9014 21.3516 13.0016V8.00156C21.3516 6.10176 20.8771 4.79629 20.0419 3.96118C19.2068 3.12607 17.9014 2.65156 16.0016 2.65156H8.00156C6.10176 2.65156 4.79629 3.12607 3.96118 3.96118ZM3.04194 3.04194C4.20683 1.87705 5.90137 1.35156 8.00156 1.35156H16.0016C18.1018 1.35156 19.7963 1.87705 20.9612 3.04194C22.1261 4.20683 22.6516 5.90137 22.6516 8.00156V13.0016C22.6516 15.1018 22.1261 16.7963 20.9612 17.9612C19.7963 19.1261 18.1018 19.6516 16.0016 19.6516H15.5016C15.3982 19.6516 15.2889 19.7037 15.2199 19.7937C15.2196 19.7941 15.2194 19.7945 15.2191 19.7949L13.7216 21.7916C13.2868 22.3712 12.6694 22.7116 12.0016 22.7116C11.3337 22.7116 10.7163 22.3712 10.2816 21.7916L8.77648 19.7848C8.77486 19.783 8.76639 19.7737 8.7477 19.7591C8.72384 19.7405 8.6918 19.7201 8.65412 19.7014C8.6165 19.6828 8.57972 19.6691 8.54838 19.6606C8.51951 19.6528 8.50381 19.6517 8.50168 19.6516C8.50139 19.6516 8.50147 19.6516 8.50168 19.6516L8.00156 19.6516C5.99007 19.6516 4.26855 19.4114 3.07353 18.3657C1.85705 17.3013 1.35156 15.5576 1.35156 13.0016V8.00156C1.35156 5.90137 1.87705 4.20683 3.04194 3.04194Z\"><\/path><path d=\"M15.3516 11.0016C15.3516 10.6426 15.6426 10.3516 16.0016 10.3516H16.0105C16.3695 10.3516 16.6605 10.6426 16.6605 11.0016C16.6605 11.3605 16.3695 11.6516 16.0105 11.6516H16.0016C15.6426 11.6516 15.3516 11.3605 15.3516 11.0016Z\"><\/path><path d=\"M11.3438 11.0016C11.3438 10.6426 11.6348 10.3516 11.9937 10.3516H12.0027C12.3617 10.3516 12.6527 10.6426 12.6527 11.0016C12.6527 11.3605 12.3617 11.6516 12.0027 11.6516H11.9937C11.6348 11.6516 11.3438 11.3605 11.3438 11.0016Z\"><\/path><path d=\"M7.34375 11.0016C7.34375 10.6426 7.63476 10.3516 7.99375 10.3516H8.00273C8.36172 10.3516 8.65273 10.6426 8.65273 11.0016C8.65273 11.3605 8.36172 11.6516 8.00273 11.6516H7.99375C7.63476 11.6516 7.34375 11.3605 7.34375 11.0016Z\"><\/path><\/svg><\/span>\t\t\t<\/span>\n\t\t\t\t\t\t\t\t\t\t<p class=\"trx-addons-icon-list-text\">\n\t\t\t\t\t\t\t\tComplete Solution \t\t\t\t\t\t\t<\/p>\n\t\t\t\t\t\t\t\t\t\t\t\t\t<\/li>\n\t\t\t\t\t\t\t\t\t\t\t\t\t<\/ul>\n\t\t<\/div>\n\t\t\t\t\t\t<\/div>\n\t\t\t\t<\/div>\n\t\t\t\t<div data-animation-type=\"char\" data-animation-stagger=\"15\" class=\"elementor-element elementor-element-a1445a2 elementor-widget__width-initial animation_type_char sc_fly_static elementor-invisible elementor-widget elementor-widget-heading\" data-id=\"a1445a2\" data-element_type=\"widget\" data-e-type=\"widget\" data-settings=\"{&quot;_animation&quot;:&quot;ta_fadeinup&quot;,&quot;_animation_delay&quot;:200}\" data-widget_type=\"heading.default\">\n\t\t\t\t<div class=\"elementor-widget-container\">\n\t\t\t\t\t<h1 class=\"elementor-heading-title elementor-size-default\"><a href=\"https:\/\/pictor.pro\/\" target=\"_blank\" rel=\"noopener\">Pictor<\/a><\/h1>\t\t\t\t<\/div>\n\t\t\t\t<\/div>\n\t\t\t\t<\/div>\n\t\t<div data-animation-type=\"block\" class=\"elementor-element elementor-element-2c4d008 e-con-full e-flex sc_layouts_column_icons_position_left animation_type_block elementor-invisible e-con e-child\" data-id=\"2c4d008\" data-element_type=\"container\" data-e-type=\"container\" data-settings=\"{&quot;animation&quot;:&quot;ta_popup&quot;,&quot;animation_delay&quot;:200}\">\n\t\t\t\t<div data-animation-type=\"block\" class=\"elementor-element elementor-element-d8525ca elementor-absolute animation_type_block sc_fly_static elementor-invisible elementor-widget elementor-widget-text-path\" data-id=\"d8525ca\" data-element_type=\"widget\" data-e-type=\"widget\" data-settings=\"{&quot;text&quot;:&quot;View Project \\u2014 View Project  \\u2014  View Project  \\u2014  View Project&quot;,&quot;_animation&quot;:&quot;ta_infiniterotate&quot;,&quot;_animation_delay&quot;:200,&quot;_position&quot;:&quot;absolute&quot;,&quot;link&quot;:{&quot;url&quot;:&quot;&quot;,&quot;is_external&quot;:&quot;&quot;,&quot;nofollow&quot;:&quot;&quot;,&quot;custom_attributes&quot;:&quot;&quot;},&quot;start_point&quot;:{&quot;unit&quot;:&quot;%&quot;,&quot;size&quot;:0,&quot;sizes&quot;:[]}}\" data-widget_type=\"text-path.default\">\n\t\t\t\t<div class=\"elementor-widget-container\">\n\t\t\t\t\t\t\t<div class=\"e-text-path\" data-text=\"View Project &mdash; View Project  &mdash;  View Project  &mdash;  View Project\" data-url=\"\/\/swissperia.com\/wp-content\/plugins\/elementor\/assets\/svg-paths\/circle.svg\" data-link-url=\"\"><\/div>\n\t\t\t\t\t\t<\/div>\n\t\t\t\t<\/div>\n\t\t\t\t<div data-animation-type=\"block\" class=\"elementor-element elementor-element-a22408a elementor-view-default animation_type_block sc_fly_static elementor-invisible elementor-widget elementor-widget-icon\" data-id=\"a22408a\" data-element_type=\"widget\" data-e-type=\"widget\" data-settings=\"{&quot;_animation&quot;:&quot;ta_fadein&quot;,&quot;_animation_delay&quot;:100}\" data-widget_type=\"icon.default\">\n\t\t\t\t<div class=\"elementor-widget-container\">\n\t\t\t\t\t\t\t<div class=\"elementor-icon-wrapper\">\n\t\t\t<a class=\"elementor-icon\" href=\"#\">\n\t\t\t<svg aria-hidden=\"true\" class=\"e-font-icon-svg e-fas-play\" viewbox=\"0 0 448 512\" xmlns=\"http:\/\/www.w3.org\/2000\/svg\"><path d=\"M424.4 214.7L72.4 6.6C43.8-10.3 0 6.1 0 47.9V464c0 37.5 40.7 60.1 72.4 41.3l352-208c31.4-18.5 31.5-64.1 0-82.6z\"><\/path><\/svg>\t\t\t<\/a>\n\t\t<\/div>\n\t\t\t\t\t\t<\/div>\n\t\t\t\t<\/div>\n\t\t\t\t<\/div>\n\t\t\t\t<\/div>\n\t\t\t\t<\/div>\n\t\t<div class=\"elementor-element elementor-element-243cbf1 e-flex e-con-boxed sc_layouts_column_icons_position_left e-con e-parent\" data-id=\"243cbf1\" data-element_type=\"container\" data-e-type=\"container\">\n\t\t\t\t\t<div class=\"e-con-inner\">\n\t\t\t\t<div data-animation-type=\"block\" class=\"elementor-element elementor-element-f6cd195 animation_type_block sc_fly_static elementor-invisible elementor-widget elementor-widget-heading\" data-id=\"f6cd195\" data-element_type=\"widget\" data-e-type=\"widget\" data-settings=\"{&quot;_animation&quot;:&quot;ta_fadeinup&quot;}\" data-widget_type=\"heading.default\">\n\t\t\t\t<div class=\"elementor-widget-container\">\n\t\t\t\t\t<h6 class=\"elementor-heading-title elementor-size-default\"> Komplettl\u00f6sung f\u00fcr die Fotobox-Branche<\/h6>\t\t\t\t<\/div>\n\t\t\t\t<\/div>\n\t\t\t\t<div data-animation-type=\"block\" class=\"elementor-element elementor-element-3dd431d elementor-widget__width-initial animation_type_block sc_fly_static elementor-invisible elementor-widget elementor-widget-heading\" data-id=\"3dd431d\" data-element_type=\"widget\" data-e-type=\"widget\" data-settings=\"{&quot;_animation&quot;:&quot;ta_fadeinup&quot;,&quot;_animation_delay&quot;:100}\" data-widget_type=\"heading.default\">\n\t\t\t\t<div class=\"elementor-widget-container\">\n\t\t\t\t\t<h1 class=\"elementor-heading-title elementor-size-default\">Hintergrund &amp; Kontext\n\n<\/h1>\t\t\t\t<\/div>\n\t\t\t\t<\/div>\n\t\t\t\t<div data-animation-type=\"block\" class=\"elementor-element elementor-element-e9747e4 elementor-widget__width-initial animation_type_block sc_fly_static elementor-invisible elementor-widget elementor-widget-text-editor\" data-id=\"e9747e4\" data-element_type=\"widget\" data-e-type=\"widget\" data-settings=\"{&quot;_animation&quot;:&quot;ta_fadeinup&quot;,&quot;_animation_delay&quot;:100}\" data-widget_type=\"text-editor.default\">\n\t\t\t\t<div class=\"elementor-widget-container\">\n\t\t\t\t\t\t\t\t\t<p data-start=\"207\" data-end=\"605\">Pictor bietet eine umfassende Plattform f\u00fcr die Fotobox-Branche, die KI, Galerieverwaltung, Dashboards und alle wesentlichen Anwendungen in einem \u00d6kosystem vereint. Nach fast einem Jahr intensiver Innovation stellte das Team eine Echtzeit-Fotografieplattform vor, die fortschrittliche Bildtechnologie mit k\u00fcnstlicher Intelligenz kombiniert, um Sofortaufnahmen und -verarbeitung zu erm\u00f6glichen.<\/p><p data-start=\"607\" data-end=\"882\">\u00a0<\/p>\t\t\t\t\t\t\t\t<\/div>\n\t\t\t\t<\/div>\n\t\t<div class=\"elementor-element elementor-element-87d5c2f e-grid e-con-full sc_layouts_column_icons_position_left e-con e-child\" data-id=\"87d5c2f\" data-element_type=\"container\" data-e-type=\"container\">\n\t\t<div class=\"elementor-element elementor-element-957836a e-con-full e-flex sc_layouts_column_icons_position_left e-con e-child\" data-id=\"957836a\" data-element_type=\"container\" data-e-type=\"container\">\n\t\t\t\t<div class=\"elementor-element elementor-element-49ca325 sc_fly_static elementor-widget elementor-widget-heading\" data-id=\"49ca325\" data-element_type=\"widget\" data-e-type=\"widget\" data-widget_type=\"heading.default\">\n\t\t\t\t<div class=\"elementor-widget-container\">\n\t\t\t\t\t<h3 class=\"elementor-heading-title elementor-size-default\"><b>Innovation<\/b><\/h3>\t\t\t\t<\/div>\n\t\t\t\t<\/div>\n\t\t\t\t<div class=\"elementor-element elementor-element-938a6df sc_fly_static elementor-widget elementor-widget-text-editor\" data-id=\"938a6df\" data-element_type=\"widget\" data-e-type=\"widget\" data-widget_type=\"text-editor.default\">\n\t\t\t\t<div class=\"elementor-widget-container\">\n\t\t\t\t\t\t\t\t\t<p>Die Plattform ist derzeit zum Patent angemeldet, was ihre Originalit\u00e4t und ihren technologischen Vorsprung unterstreicht. Sie erm\u00f6glicht eine beispiellose Geschwindigkeit, Qualit\u00e4t und Kreativit\u00e4t in der Eventfotografie und definiert das Erlebnis an Fotoboxen und Live-Events neu.<\/p>\t\t\t\t\t\t\t\t<\/div>\n\t\t\t\t<\/div>\n\t\t\t\t<\/div>\n\t\t<div class=\"elementor-element elementor-element-f9bedd5 e-con-full e-flex sc_layouts_column_icons_position_left e-con e-child\" data-id=\"f9bedd5\" data-element_type=\"container\" data-e-type=\"container\">\n\t\t\t\t<div class=\"elementor-element elementor-element-7e2ece7 sc_fly_static elementor-widget elementor-widget-heading\" data-id=\"7e2ece7\" data-element_type=\"widget\" data-e-type=\"widget\" data-widget_type=\"heading.default\">\n\t\t\t\t<div class=\"elementor-widget-container\">\n\t\t\t\t\t<h3 class=\"elementor-heading-title elementor-size-default\"><b>Ergebnis<\/b><\/h3>\t\t\t\t<\/div>\n\t\t\t\t<\/div>\n\t\t\t\t<div class=\"elementor-element elementor-element-1f7a8b3 sc_fly_static elementor-widget elementor-widget-text-editor\" data-id=\"1f7a8b3\" data-element_type=\"widget\" data-e-type=\"widget\" data-widget_type=\"text-editor.default\">\n\t\t\t\t<div class=\"elementor-widget-container\">\n\t\t\t\t\t\t\t\t\t<p>Dieser Durchbruch setzt einen neuen Standard f\u00fcr die Sofortfotografie und bietet Eventprofis leistungsstarke Tools, um ihr Publikum zu begeistern, Abl\u00e4ufe zu optimieren und unvergessliche visuelle Erlebnisse zu schaffen.<\/p>\t\t\t\t\t\t\t\t<\/div>\n\t\t\t\t<\/div>\n\t\t\t\t<\/div>\n\t\t\t\t<\/div>\n\t\t\t\t\t<\/div>\n\t\t\t\t<\/div>\n\t\t\t\t<\/div>","protected":false},"excerpt":{"rendered":"<p>Complete Solution Pictor complete solution for PhotoBooth industry Background &amp; Context Pictor delivers&hellip;<\/p>","protected":false},"author":1,"featured_media":0,"parent":3979,"menu_order":0,"comment_status":"closed","ping_status":"closed","template":"","meta":{"footnotes":""},"class_list":["post-4051","page","type-page","status-publish","hentry"],"_links":{"self":[{"href":"https:\/\/swissperia.com\/ch\/wp-json\/wp\/v2\/pages\/4051","targetHints":{"allow":["GET"]}}],"collection":[{"href":"https:\/\/swissperia.com\/ch\/wp-json\/wp\/v2\/pages"}],"about":[{"href":"https:\/\/swissperia.com\/ch\/wp-json\/wp\/v2\/types\/page"}],"author":[{"embeddable":true,"href":"https:\/\/swissperia.com\/ch\/wp-json\/wp\/v2\/users\/1"}],"replies":[{"embeddable":true,"href":"https:\/\/swissperia.com\/ch\/wp-json\/wp\/v2\/comments?post=4051"}],"version-history":[{"count":14,"href":"https:\/\/swissperia.com\/ch\/wp-json\/wp\/v2\/pages\/4051\/revisions"}],"predecessor-version":[{"id":4197,"href":"https:\/\/swissperia.com\/ch\/wp-json\/wp\/v2\/pages\/4051\/revisions\/4197"}],"up":[{"embeddable":true,"href":"https:\/\/swissperia.com\/ch\/wp-json\/wp\/v2\/pages\/3979"}],"wp:attachment":[{"href":"https:\/\/swissperia.com\/ch\/wp-json\/wp\/v2\/media?parent=4051"}],"curies":[{"name":"wp","href":"https:\/\/api.w.org\/{rel}","templated":true}]}}